{"id":24,"date":"2020-04-05T16:22:32","date_gmt":"2020-04-05T16:22:32","guid":{"rendered":"http:\/\/jacekwasilewski.pl\/?page_id=24"},"modified":"2020-04-05T18:24:47","modified_gmt":"2020-04-05T18:24:47","slug":"o-nas","status":"publish","type":"page","link":"https:\/\/jacekwasilewski.pl\/","title":{"rendered":"O mnie"},"content":{"rendered":"\n<p class=\"has-large-font-size\">Nie wiedzia\u0142em, \u017ce <strong>najlepsz\u0105 rzecz\u0105 <\/strong>w ko\u0144cu <strong>oka\u017ce si\u0119 o\u0142\u00f3wek i kartka. <\/strong>Czasem d\u0142ugopis. Mia\u0142em te\u017c maszyn\u0119 do pisania, mia\u0142em nawet powielacz w latach osiemdziesi\u0105tych, taki z kalk\u0105. Bywa\u0142a gitara. Klawiatura. Mikrofon. Kamera. Jednak opowie\u015b\u0107 zaczyna si\u0119 najcz\u0119\u015bciej o\u0142\u00f3wkiem i kawa\u0142kiem kartki, czasem serwetki, na rogu kt\u00f3rej pojawiaj\u0105 si\u0119 napisy, rymy, akapity, linie przebieg\u00f3w emocjonalnych bohater\u00f3w itp. Nazywam si\u0119 Jacek Wasilewski. Pisz\u0119 bardzo r\u00f3\u017cne teksty.<\/p>\n\n\n\n<p><strong>Maszyna do pisania.<\/strong> Jako dziennikarz pisa\u0142em do dziennik\u00f3w jako recenzent teatralny w <em>Ekspresie Wieczornym<\/em>, pisa\u0142em reporta\u017ce dla <em>\u017bycia<\/em>, robi\u0142em wywiady dla <em>Machiny<\/em>, opisa\u0142em satyr\u0119 dla <em>Polityki<\/em>, publicystyk\u0119 kulturow\u0105 dla <em>Playboya<\/em>, artyku\u0142y dla  <em>Cosmopolitana<\/em>, felietony do <em>Filmu <\/em>itd. W ko\u0144cu pod koniec zesz\u0142ego wieku przesta\u0142em by\u0107 dziennikarzem. I prasa przesta\u0142a by\u0107 drukowana.<\/p>\n\n\n\n<p><strong>Klawiatura<\/strong>. Pierwsza ksi\u0105\u017cka powsta\u0142\u0105 w 1998 roku. Nazywa\u0142a si\u0119  <em>Kr\u00f3tki Kurs Samoobrony Intelektualnej<\/em>. Potem by\u0142y r\u00f3\u017cne &#8211; naukowe, popularnonaukowe i t\u0142umaczenia. Ostatnia to <em>Ba\u015bnie Wolnego Rynku<\/em>.<\/p>\n\n\n\n<p><strong>Serwetki i kartki<\/strong>. Pierwsze piosenki i skecze grali\u015bmy na male\u0144kiej scence w Teatrze Dramatycznym w 1996. Potem by\u0142y bardzo r\u00f3\u017cne teksty dla r\u00f3\u017cnych wykonawc\u00f3w. W 2001 t\u0142umaczy\u0142em piosenki Sinatry do spektaklu Sinatra, pia\u0142em te\u017c parodie piosenek do teleturnieju &#8222;300% normy&#8221; w TVP1.<br>Od roku 1994 przez siedem lat pisa\u0142em skecze dla programu MdM &#8211; Mann do Materny, Materna do Manna.<\/p>\n\n\n\n<p><strong>Kamera<\/strong>: Potem pisa\u0142em scenariusze seriali dla TVP  i TVN, a tak\u017ce scenariusze film\u00f3w dokumentalnych: by\u0142 to serial dokumentalny dla TVP2, dla HBO, wreszcie m\u00f3j w\u0142asny dokument w 2010 roku  emitowany w TVP 1 i TVPolonia. Tworzy\u0142em te\u017c felietony dla jednego z program\u00f3w w Canal+ oraz scenariusz serialu kukie\u0142kowego dla Comedy Central<\/p>\n\n\n\n<p><strong>Mikrofon<\/strong>. Zdarzy\u0142o mi si\u0119 wsp\u00f3\u0142prowadzi\u0107 przez d\u0142ugie miesi\u0105ce audycj\u0119 o filmach w TokFM, a tak\u017ce audycj\u0119 satyryczn\u0105 w Polskim Radio PR1. No i seri\u0119 audycji ekonomicznych w radiu PiN.<\/p>\n\n\n\n<p><strong>Gitara<\/strong>. Zdarzy\u0142o mi si\u0119 napisa\u0107 par\u0119 melodii i nie bacz\u0105c na nic, podegra\u0142em sobie je sam do dw\u00f3ch swoich piosenek na p\u0142ycie Atlas Miast.<\/p>\n\n\n\n<p><strong>Zakre\u015blacz<\/strong>. Prac\u0119 z zakre\u015blaczem wspominam podczas pisania scenariuszy do serialu dokumentalnego, ale te\u017c sztuki scenicznej &#8222;Ojciec B\u00f3g&#8221; (Teatr Polonia), a tak\u017ce s\u0142uchowiska &#8222;Stacja Kiedy\u015b&#8221; dla Teatru Polskiego Radia.<\/p>\n\n\n\n<p><strong>Krynoliny<\/strong>: Pisa\u0142em te\u017c gale. Gale z okazji wr\u0119czenia nagr\u00f3d PISF, gale rocznicowe Teatru Polskiego Radia i Teatru Telewizji, prowadzi\u0142em te\u017c niekt\u00f3re gale. Cz\u0119sto te\u017c pisa\u0142em przem\u00f3wienia. Pocz\u0105tkowo pisa\u0142em w Pa\u0142acu Prezydenckim.  A potem pisa\u0142em tez te m\u00f3wione w r\u00f3\u017cnych miejscach: w ratuszach, halach sportowych, na otwartych polach.<\/p>\n\n\n\n<p><strong>Gumka do \u015bcierania<\/strong>: I wracaj\u0105c do o\u0142\u00f3wka, pisa\u0142em te\u017c reklamy. Ale reklam si\u0119 raczej nie pisze, reklamy si\u0119 g\u0142\u00f3wnie poprawia.<\/p>\n","protected":false},"excerpt":{"rendered":"<p>Nie wiedzia\u0142em, \u017ce najlepsz\u0105 rzecz\u0105 w ko\u0144cu oka\u017ce si\u0119 o\u0142\u00f3wek i kartka. Czasem d\u0142ugopis. Mia\u0142em te\u017c maszyn\u0119 do pisania, mia\u0142em nawet powielacz w latach osiemdziesi\u0105tych, taki z kalk\u0105. Bywa\u0142a gitara. Klawiatura. Mikrofon. Kamera. Jednak opowie\u015b\u0107 zaczyna si\u0119 najcz\u0119\u015bciej o\u0142\u00f3wkiem i kawa\u0142kiem kartki, czasem serwetki, na rogu kt\u00f3rej pojawiaj\u0105 si\u0119 napisy, rymy, akapity, linie przebieg\u00f3w emocjonalnych [&hellip;]<\/p>\n","protected":false},"author":1,"featured_media":97,"parent":0,"menu_order":0,"comment_status":"closed","ping_status":"closed","template":"","meta":[],"_links":{"self":[{"href":"https:\/\/jacekwasilewski.pl\/index.php\/wp-json\/wp\/v2\/pages\/24"}],"collection":[{"href":"https:\/\/jacekwasilewski.pl\/index.php\/wp-json\/wp\/v2\/pages"}],"about":[{"href":"https:\/\/jacekwasilewski.pl\/index.php\/wp-json\/wp\/v2\/types\/page"}],"author":[{"embeddable":true,"href":"https:\/\/jacekwasilewski.pl\/index.php\/wp-json\/wp\/v2\/users\/1"}],"replies":[{"embeddable":true,"href":"https:\/\/jacekwasilewski.pl\/index.php\/wp-json\/wp\/v2\/comments?post=24"}],"version-history":[{"count":6,"href":"https:\/\/jacekwasilewski.pl\/index.php\/wp-json\/wp\/v2\/pages\/24\/revisions"}],"predecessor-version":[{"id":98,"href":"https:\/\/jacekwasilewski.pl\/index.php\/wp-json\/wp\/v2\/pages\/24\/revisions\/98"}],"wp:featuredmedia":[{"embeddable":true,"href":"https:\/\/jacekwasilewski.pl\/index.php\/wp-json\/wp\/v2\/media\/97"}],"wp:attachment":[{"href":"https:\/\/jacekwasilewski.pl\/index.php\/wp-json\/wp\/v2\/media?parent=24"}],"curies":[{"name":"wp","href":"https:\/\/api.w.org\/{rel}","templated":true}]}}