{"id":263,"date":"2020-04-21T15:23:01","date_gmt":"2020-04-21T15:23:01","guid":{"rendered":"http:\/\/jacekwasilewski.pl\/?page_id=263"},"modified":"2020-04-21T15:23:01","modified_gmt":"2020-04-21T15:23:01","slug":"w-pociagu","status":"publish","type":"page","link":"https:\/\/jacekwasilewski.pl\/index.php\/w-pociagu\/","title":{"rendered":"W poci\u0105gu"},"content":{"rendered":"\n<p>W poci\u0105gu<\/p>\n\n\n\n<p>(g\u0142os: piwo jassse, piwo jassne, piwo jasssne)<\/p>\n\n\n\n<p>Poranek wczesny<\/p>\n\n\n\n<p>Jad\u0119 pospiesznym<\/p>\n\n\n\n<p>Wprost do Warszawy<\/p>\n\n\n\n<p>Za\u0142atwia\u0107 sprawy<\/p>\n\n\n\n<p>Poci\u0105g o czasie<\/p>\n\n\n\n<p>Ja w drugiej klasie<\/p>\n\n\n\n<p>Wagon si\u0119 kiwa<\/p>\n\n\n\n<p>Pij\u0119 trzy piwa<\/p>\n\n\n\n<p>\u0141\u00f3d\u017a prosz\u0119 pana,<\/p>\n\n\n\n<p>W p\u0119cherzu zmiana<\/p>\n\n\n\n<p>P\u0119cherz nie s\u0142uga<\/p>\n\n\n\n<p>A podr\u00f3\u017c d\u0142uga<\/p>\n\n\n\n<p>Ruszam z tej racji<\/p>\n\n\n\n<p>Do ubikacji<\/p>\n\n\n\n<p>Kto zna koleje<\/p>\n\n\n\n<p>Wie, jak si\u0119 leje<\/p>\n\n\n\n<p>To, co si\u0119 trz\u0119sie<\/p>\n\n\n\n<p>W Los Angel\u0119sie<\/p>\n\n\n\n<p>Maksa osi\u0105ga<\/p>\n\n\n\n<p>W naszych poci\u0105gach<\/p>\n\n\n\n<p>Wyci\u0105gam \u0142ap\u0119<\/p>\n\n\n\n<p>Podnosz\u0119 klap\u0119<\/p>\n\n\n\n<p>Biada mi, biada<\/p>\n\n\n\n<p>Klapa opada<\/p>\n\n\n\n<p>Rzednie mi mina<\/p>\n\n\n\n<p>Trza klap\u0119 trzyma\u0107<\/p>\n\n\n\n<p>\u0141okie\u0107, kolano<\/p>\n\n\n\n<p>Trzymam skuban\u0105<\/p>\n\n\n\n<p>Celuj\u0119 w szpark\u0119<\/p>\n\n\n\n<p>Puszczam Niagark\u0119<\/p>\n\n\n\n<p>Tryska Kaskada<\/p>\n\n\n\n<p>Klapa opada<\/p>\n\n\n\n<p>Fatum z\u0142owieszcze<\/p>\n\n\n\n<p>Wszak wci\u0105\u017c szcz\u0119 jeszcze<\/p>\n\n\n\n<p>Organizm p\u0142ynn\u0105<\/p>\n\n\n\n<p>Spe\u0142nia powinno\u015b\u0107<\/p>\n\n\n\n<p>Najgorsze to, \u017ce<\/p>\n\n\n\n<p>Przesta\u0107 nie mo\u017ce<\/p>\n\n\n\n<p>Tocz\u0119 z nim boje<\/p>\n\n\n\n<p>Jak Priam o Troj\u0119<\/p>\n\n\n\n<p>Chc\u0119 si\u0119 powstrzyma\u0107<\/p>\n\n\n\n<p>Ratunku ni ma<\/p>\n\n\n\n<p>Poci\u0105g si\u0119 giba<\/p>\n\n\n\n<p>A wok\u00f3\u0142 sp\u0142ywa<\/p>\n\n\n\n<p>Po \u015bcianach, szybach<\/p>\n\n\n\n<p>Lec\u0119 na \u015bcian\u0119<\/p>\n\n\n\n<p>Z mokrym organem<\/p>\n\n\n\n<p>Zraszam j\u0105 strug\u0105<\/p>\n\n\n\n<p>Wagonem szarpie<\/p>\n\n\n\n<p>Lej\u0119 do skarpet<\/p>\n\n\n\n<p>Ta\u0144cz\u0105c Czardasza<\/p>\n\n\n\n<p>Nogawki zraszam<\/p>\n\n\n\n<p>O straszna m\u0119ko<\/p>\n\n\n\n<p>Kozak, Flamenco<\/p>\n\n\n\n<p>Miota mn\u0105, ciska<\/p>\n\n\n\n<p>Ja organ \u015bciskam<\/p>\n\n\n\n<p>Wagon si\u0119 chwieje<\/p>\n\n\n\n<p>Na lustro lej\u0119<\/p>\n\n\n\n<p>Sk\u0142ad si\u0119 zatacza<\/p>\n\n\n\n<p>Ja sufit zmaczam<\/p>\n\n\n\n<p>Wsz\u0119dzie \u0141ab\u0119dzie<\/p>\n\n\n\n<p>Jezioro b\u0119dzie<\/p>\n\n\n\n<p>Odta\u0144czam z p\u0142aczem<\/p>\n\n\n\n<p>La Kukaracz\u0119<\/p>\n\n\n\n<p>Zwrotnica, podskok<\/p>\n\n\n\n<p>Spryskuj\u0119 okno<\/p>\n\n\n\n<p>Nier\u00f3wne z\u0142\u0105cza<\/p>\n\n\n\n<p>Buty nas\u0105czam<\/p>\n\n\n\n<p>Poci\u0105g hamuje<\/p>\n\n\n\n<p>Drzwi obsikuj\u0119<\/p>\n\n\n\n<p>I pasa\u017cera<\/p>\n\n\n\n<p>Co drzwi otwiera<\/p>\n\n\n\n<p>Plus dawka spora<\/p>\n\n\n\n<p>Na konduktora<\/p>\n\n\n\n<p>Resztka mi kapie<\/p>\n\n\n\n<p>Na skr\u00f3t PKP<\/p>\n\n\n\n<p>Wreszcie poma\u0142u<\/p>\n\n\n\n<p>Brn\u0119 do przedzia\u0142u<\/p>\n\n\n\n<p>Pasa\u017cerowie<\/p>\n\n\n\n<p>Patrz\u0105 spod powiek<\/p>\n\n\n\n<p>Pytania sk\u0105pe<\/p>\n\n\n\n<p>\u201eGdzie Pan wzi\u0105\u0142 k\u0105piel?\u201d<\/p>\n\n\n\n<p>Warszawa, Bo\u017ce<\/p>\n\n\n\n<p>Nareszcie dworzec<\/p>\n\n\n\n<p>Chwilo szcz\u0119\u015bliwa<\/p>\n\n\n\n<p>Na peron sp\u0142ywam<\/p>\n\n\n\n<p>Walizk\u0119 trzymam<\/p>\n\n\n\n<p>Odzie\u017c wy\u017cymam<\/p>\n\n\n\n<p>Ach, urlop b\u0142ogi<\/p>\n\n\n\n<p>Od fizjologii<\/p>\n\n\n\n<p>Ulga bezbrze\u017cna<\/p>\n\n\n\n<p>Poci\u0105g odje\u017cd\u017ca<\/p>\n\n\n\n<p>Rusza maszyna<\/p>\n\n\n\n<p>Hen w dal po szynach<\/p>\n\n\n\n<p>To tak to to tuk to, to tak to to tuk to, myj r\u0119ce gdy poda ci bilet konduktor<\/p>\n","protected":false},"excerpt":{"rendered":"<p>W poci\u0105gu (g\u0142os: piwo jassse, piwo jassne, piwo jasssne) Poranek wczesny Jad\u0119 pospiesznym Wprost do Warszawy Za\u0142atwia\u0107 sprawy Poci\u0105g o czasie Ja w drugiej klasie Wagon si\u0119 kiwa Pij\u0119 trzy piwa \u0141\u00f3d\u017a prosz\u0119 pana, W p\u0119cherzu zmiana P\u0119cherz nie s\u0142uga A podr\u00f3\u017c d\u0142uga Ruszam z tej racji Do ubikacji Kto zna koleje Wie, jak si\u0119 [&hellip;]<\/p>\n","protected":false},"author":1,"featured_media":0,"parent":0,"menu_order":0,"comment_status":"closed","ping_status":"closed","template":"","meta":[],"_links":{"self":[{"href":"https:\/\/jacekwasilewski.pl\/index.php\/wp-json\/wp\/v2\/pages\/263"}],"collection":[{"href":"https:\/\/jacekwasilewski.pl\/index.php\/wp-json\/wp\/v2\/pages"}],"about":[{"href":"https:\/\/jacekwasilewski.pl\/index.php\/wp-json\/wp\/v2\/types\/page"}],"author":[{"embeddable":true,"href":"https:\/\/jacekwasilewski.pl\/index.php\/wp-json\/wp\/v2\/users\/1"}],"replies":[{"embeddable":true,"href":"https:\/\/jacekwasilewski.pl\/index.php\/wp-json\/wp\/v2\/comments?post=263"}],"version-history":[{"count":1,"href":"https:\/\/jacekwasilewski.pl\/index.php\/wp-json\/wp\/v2\/pages\/263\/revisions"}],"predecessor-version":[{"id":264,"href":"https:\/\/jacekwasilewski.pl\/index.php\/wp-json\/wp\/v2\/pages\/263\/revisions\/264"}],"wp:attachment":[{"href":"https:\/\/jacekwasilewski.pl\/index.php\/wp-json\/wp\/v2\/media?parent=263"}],"curies":[{"name":"wp","href":"https:\/\/api.w.org\/{rel}","templated":true}]}}