{"id":268,"date":"2020-04-21T15:36:01","date_gmt":"2020-04-21T15:36:01","guid":{"rendered":"http:\/\/jacekwasilewski.pl\/?page_id=268"},"modified":"2020-04-21T15:36:01","modified_gmt":"2020-04-21T15:36:01","slug":"film","status":"publish","type":"page","link":"https:\/\/jacekwasilewski.pl\/index.php\/film\/","title":{"rendered":"Film"},"content":{"rendered":"\n<p><a rel=\"noreferrer noopener\" href=\"http:\/\/www.filmpolski.pl\/fp\/index.php?osoba=1144629\" target=\"_blank\">Zestawienie film\u00f3w znajduje si\u0119 na stronie FilmPolski<\/a><\/p>\n\n\n\n<p><strong>Dokumenty<\/strong>:<br>Matka Boska. Polak\u00f3w portret w\u0142asny (Wasilewski, Bortnowski. 2018)<br>Aleksandra jedzie do Polski (Wasilewski, Jaw\u0142owski 2010)<br>Homo.pl (scenariusz Wasilewski , re\u017c. Gli\u0144ski 2008)<br>Pisklak (scenariusz Wasilewski, re\u017c.Gli\u0144ski 2005)<br>Dziewcz\u0119ta z O\u015brodka (scenariusz Wasilewski, Bendera, re\u017c Gli\u0144ski 2004) <br><\/p>\n\n\n\n<p>Plakat do filmu Matka Boska. Polak\u00f3w Portret w\u0142asny. Tu <a href=\"https:\/\/vimeo.com\/331241210\"> trailer<\/a><\/p>\n\n\n\n<figure class=\"wp-block-image size-large\"><img loading=\"lazy\" width=\"631\" height=\"899\" src=\"http:\/\/jacekwasilewski.pl\/wp-content\/uploads\/2020\/04\/matka-boska-plakat.jpg\" alt=\"\" class=\"wp-image-119\" srcset=\"https:\/\/jacekwasilewski.pl\/wp-content\/uploads\/2020\/04\/matka-boska-plakat.jpg 631w, https:\/\/jacekwasilewski.pl\/wp-content\/uploads\/2020\/04\/matka-boska-plakat-211x300.jpg 211w, https:\/\/jacekwasilewski.pl\/wp-content\/uploads\/2020\/04\/matka-boska-plakat-400x570.jpg 400w\" sizes=\"(max-width: 631px) 100vw, 631px\" \/><\/figure>\n\n\n\n<p><\/p>\n","protected":false},"excerpt":{"rendered":"<p>Zestawienie film\u00f3w znajduje si\u0119 na stronie FilmPolski Dokumenty:Matka Boska. Polak\u00f3w portret w\u0142asny (Wasilewski, Bortnowski. 2018)Aleksandra jedzie do Polski (Wasilewski, Jaw\u0142owski 2010)Homo.pl (scenariusz Wasilewski , re\u017c. Gli\u0144ski 2008)Pisklak (scenariusz Wasilewski, re\u017c.Gli\u0144ski 2005)Dziewcz\u0119ta z O\u015brodka (scenariusz Wasilewski, Bendera, re\u017c Gli\u0144ski 2004) Plakat do filmu Matka Boska. Polak\u00f3w Portret w\u0142asny. Tu trailer<\/p>\n","protected":false},"author":1,"featured_media":0,"parent":0,"menu_order":0,"comment_status":"closed","ping_status":"closed","template":"","meta":[],"_links":{"self":[{"href":"https:\/\/jacekwasilewski.pl\/index.php\/wp-json\/wp\/v2\/pages\/268"}],"collection":[{"href":"https:\/\/jacekwasilewski.pl\/index.php\/wp-json\/wp\/v2\/pages"}],"about":[{"href":"https:\/\/jacekwasilewski.pl\/index.php\/wp-json\/wp\/v2\/types\/page"}],"author":[{"embeddable":true,"href":"https:\/\/jacekwasilewski.pl\/index.php\/wp-json\/wp\/v2\/users\/1"}],"replies":[{"embeddable":true,"href":"https:\/\/jacekwasilewski.pl\/index.php\/wp-json\/wp\/v2\/comments?post=268"}],"version-history":[{"count":1,"href":"https:\/\/jacekwasilewski.pl\/index.php\/wp-json\/wp\/v2\/pages\/268\/revisions"}],"predecessor-version":[{"id":269,"href":"https:\/\/jacekwasilewski.pl\/index.php\/wp-json\/wp\/v2\/pages\/268\/revisions\/269"}],"wp:attachment":[{"href":"https:\/\/jacekwasilewski.pl\/index.php\/wp-json\/wp\/v2\/media?parent=268"}],"curies":[{"name":"wp","href":"https:\/\/api.w.org\/{rel}","templated":true}]}}