{"id":271,"date":"2020-04-21T15:44:56","date_gmt":"2020-04-21T15:44:56","guid":{"rendered":"http:\/\/jacekwasilewski.pl\/?page_id=271"},"modified":"2020-04-21T15:44:56","modified_gmt":"2020-04-21T15:44:56","slug":"vien-vien-tlumaczenie-tekstu","status":"publish","type":"page","link":"https:\/\/jacekwasilewski.pl\/index.php\/vien-vien-tlumaczenie-tekstu\/","title":{"rendered":"Vien Vien (t\u0142umaczenie tekstu)"},"content":{"rendered":"\n<p>Marie Laforet\u00a0\u00a0\u00a0 Viens, viens<br>Paroles: Ralph Bernet, Musique: Swen Linus\u00a0\u00a0 \u00a9 1973 Edition Dany music<\/p>\n\n\n\n<p>&#8212;&#8212;&#8212;&#8212;&#8212;&#8212;&#8212;&#8212;&#8212;&#8212;&#8212;&#8212;&#8212;&#8212;&#8212;&#8212;&#8212;&#8212;&#8212;&#8212;&#8212;&#8212;&#8212;&#8212;&#8212;&#8212;&#8211;<\/p>\n\n\n\n<p>Wr\u00f3\u0107, wr\u00f3\u0107, <em>tak<\/em> modl\u0119 si\u0119 i prosz\u0119<br>wr\u00f3\u0107, wr\u00f3\u0107, nie dla mnie m\u00f3j ojcze<br>wr\u00f3\u0107, wr\u00f3\u0107, powr\u00f3\u0107 dla mojej matki<br>wr\u00f3\u0107, wr\u00f3\u0107, tylko ciebie ma<br>wr\u00f3\u0107, wr\u00f3\u0107,\u00a0 dlaczego nie s\u0142yszysz<br>wr\u00f3\u0107, wr\u00f3\u0107, jakby\u015b wczoraj wyszed\u0142<br>wr\u00f3\u0107, wr\u00f3\u0107, odmie\u0144 zn\u00f3w jej \u017cycie<br>wr\u00f3\u0107, wr\u00f3\u0107, komu ma je da\u0107?<\/p>\n\n\n\n<p>Wiem \u017ce ta kobieta bardzo pi\u0119kna jest,<br>\u017ce zapominasz o nas na jeden jej gest<br>ja nie przysz\u0142am, \u017ceby s\u0105dzi\u0107 ci\u0119<br>ale by zabra\u0107 (ci\u0119) st\u0105d<br>Pos\u0142uchaj jeszcze chwil\u0119 i zrozumiesz mnie<br>(bo) co mo\u017ce by\u0107 warta kobieta kt\u00f3ra chce<br>dzieli\u0107 nas i wyrywa nam ci\u0119 z r\u0105k\u00a0<br>cho\u0107 zaciskamy d\u0142o\u0144<\/p>\n\n\n\n<p>Wr\u00f3\u0107, wr\u00f3\u0107, bo we wrze\u015bniu mama<br>wr\u00f3\u0107, wr\u00f3\u0107, pok\u00f3j odnawia\u0142a<br>wr\u00f3\u0107, wr\u00f3\u0107, to jak dawniej razem<br>wr\u00f3\u0107, wr\u00f3\u0107, b\u0119dziecie\u00a0 tam spa\u0107<br>wr\u00f3\u0107, wr\u00f3\u0107, to moja modlitwa<br>wr\u00f3\u0107, wr\u00f3\u0107, nadzieja nie znik\u0142a<br>wr\u00f3\u0107, wr\u00f3\u0107, powr\u00f3\u0107 dla mej matki<br>wr\u00f3\u0107, wr\u00f3\u0107, tylko ciebie ma<br>Wiesz a Janek poszed\u0142 zn\u00f3w do szko\u0142y<br>Jest zabawny, gdy o\u0142\u00f3wek trzyma w d\u0142oni <br>I udaje, \u017ce papierosa \u0107mi<br>To wygl\u0105da jak ty<\/p>\n\n\n\n<p>Wr\u00f3\u0107, wr\u00f3\u0107, to moja modlitwa<br>wr\u00f3\u0107, wr\u00f3\u0107, jeste\u015bmy tak blisko<br>wr\u00f3\u0107, wr\u00f3\u0107, zobaczysz \u017ce mama<br>wr\u00f3\u0107, wr\u00f3\u0107, \u0142adne oczy ma \u00a0\u00a0\u00a0\u00a0\u00a0 bo mama \u0142adne oczy ma<br>wr\u00f3\u0107, wr\u00f3\u0107, prosz\u0119 ci\u0119 nic nie m\u00f3w<br>wr\u00f3\u0107, wr\u00f3\u0107, chod\u017a ze mn\u0105 do domu<br>wr\u00f3\u0107, wr\u00f3\u0107,\u00a0 dlaczego nie s\u0142yszysz<br>wr\u00f3\u0107, wr\u00f3\u0107, prosz\u0119 ci\u0119 (lalala)<\/p>\n","protected":false},"excerpt":{"rendered":"<p>Marie Laforet\u00a0\u00a0\u00a0 Viens, viensParoles: Ralph Bernet, Musique: Swen Linus\u00a0\u00a0 \u00a9 1973 Edition Dany music &#8212;&#8212;&#8212;&#8212;&#8212;&#8212;&#8212;&#8212;&#8212;&#8212;&#8212;&#8212;&#8212;&#8212;&#8212;&#8212;&#8212;&#8212;&#8212;&#8212;&#8212;&#8212;&#8212;&#8212;&#8212;&#8212;&#8211; Wr\u00f3\u0107, wr\u00f3\u0107, tak modl\u0119 si\u0119 i prosz\u0119wr\u00f3\u0107, wr\u00f3\u0107, nie dla mnie m\u00f3j ojczewr\u00f3\u0107, wr\u00f3\u0107, powr\u00f3\u0107 dla mojej matkiwr\u00f3\u0107, wr\u00f3\u0107, tylko ciebie mawr\u00f3\u0107, wr\u00f3\u0107,\u00a0 dlaczego nie s\u0142yszyszwr\u00f3\u0107, wr\u00f3\u0107, jakby\u015b wczoraj wyszed\u0142wr\u00f3\u0107, wr\u00f3\u0107, odmie\u0144 zn\u00f3w jej \u017cyciewr\u00f3\u0107, wr\u00f3\u0107, komu ma je da\u0107? [&hellip;]<\/p>\n","protected":false},"author":1,"featured_media":0,"parent":0,"menu_order":0,"comment_status":"closed","ping_status":"closed","template":"","meta":[],"_links":{"self":[{"href":"https:\/\/jacekwasilewski.pl\/index.php\/wp-json\/wp\/v2\/pages\/271"}],"collection":[{"href":"https:\/\/jacekwasilewski.pl\/index.php\/wp-json\/wp\/v2\/pages"}],"about":[{"href":"https:\/\/jacekwasilewski.pl\/index.php\/wp-json\/wp\/v2\/types\/page"}],"author":[{"embeddable":true,"href":"https:\/\/jacekwasilewski.pl\/index.php\/wp-json\/wp\/v2\/users\/1"}],"replies":[{"embeddable":true,"href":"https:\/\/jacekwasilewski.pl\/index.php\/wp-json\/wp\/v2\/comments?post=271"}],"version-history":[{"count":1,"href":"https:\/\/jacekwasilewski.pl\/index.php\/wp-json\/wp\/v2\/pages\/271\/revisions"}],"predecessor-version":[{"id":272,"href":"https:\/\/jacekwasilewski.pl\/index.php\/wp-json\/wp\/v2\/pages\/271\/revisions\/272"}],"wp:attachment":[{"href":"https:\/\/jacekwasilewski.pl\/index.php\/wp-json\/wp\/v2\/media?parent=271"}],"curies":[{"name":"wp","href":"https:\/\/api.w.org\/{rel}","templated":true}]}}