{"id":273,"date":"2020-04-21T15:47:26","date_gmt":"2020-04-21T15:47:26","guid":{"rendered":"http:\/\/jacekwasilewski.pl\/?page_id=273"},"modified":"2020-04-21T15:47:26","modified_gmt":"2020-04-21T15:47:26","slug":"the-man-i-love-mezczyzna-moj","status":"publish","type":"page","link":"https:\/\/jacekwasilewski.pl\/index.php\/the-man-i-love-mezczyzna-moj\/","title":{"rendered":"The man I love\/M\u0119\u017cczyzna m\u00f3j"},"content":{"rendered":"\n<p>Written by Ira Gershin, George Gerschin<br>Polish version translated by Jacek Wasilewski<\/p>\n\n\n\n<p>Gdy w mym oknie ksi\u0119\u017cyc zjawi si\u0119<br>Zawsze pytam kiedy przyjdzie ten<br>Ksi\u0105\u017c\u0119 m\u00f3j i temat m\u00f3j na ka\u017cdy sen<br>M\u0119\u017cczyzna m\u00f3j<br>Cho\u0107 wiem \u017ce ten wymarzony pan<br>Zwykle si\u0119 pojawia tylko w snach<br>Nadziej\u0119 mam \u017ce przyjdzie tu<br>\u017ce kiedy\u015b zjawi si\u0119 m\u0119\u017cczyzna m\u00f3j<br>\u017ce b\u0119dzie kocha\u0142 mnie m\u0119\u017cczyzna m\u00f3j<br>A gdy zobacz\u0119 go<br>B\u0119d\u0119 ju\u017c wiedzie\u0107 \u017ce to on<\/p>\n\n\n\n<p>Podchwyc\u0119 jego wzrok<br>Zrozumie mnie<br>Zr\u00f3wnamy razem krok<br>Wyczuje mnie<br>Nie b\u0119dzie trzeba s\u0142\u00f3w<br>By razem ju\u017c przez \u017cycie p\u00f3j\u015b\u0107<br><\/p>\n\n\n\n<p>Mo\u017ce spotkam go ju\u017c w \u015brod\u0119<br>lub we wtorek kto to wie<br>Jest na pewno na mej drodze<br>Mo\u017ce czwartek da mi dobr\u0105 kart\u0119<\/p>\n\n\n\n<p>Zbuduje ma\u0142y dom<br>Dla os\u00f3b dw\u00f3ch<br>U\u015bmiechem stworzy mi<br>Codzienny cud<br>Bezpieczna b\u0119d\u0119 ju\u017c<br>gdy obok \u015bpi m\u0119\u017cczyzna m\u00f3j<\/p>\n","protected":false},"excerpt":{"rendered":"<p>Written by Ira Gershin, George GerschinPolish version translated by Jacek Wasilewski Gdy w mym oknie ksi\u0119\u017cyc zjawi si\u0119Zawsze pytam kiedy przyjdzie tenKsi\u0105\u017c\u0119 m\u00f3j i temat m\u00f3j na ka\u017cdy senM\u0119\u017cczyzna m\u00f3jCho\u0107 wiem \u017ce ten wymarzony panZwykle si\u0119 pojawia tylko w snachNadziej\u0119 mam \u017ce przyjdzie tu\u017ce kiedy\u015b zjawi si\u0119 m\u0119\u017cczyzna m\u00f3j\u017ce b\u0119dzie kocha\u0142 mnie m\u0119\u017cczyzna m\u00f3jA gdy [&hellip;]<\/p>\n","protected":false},"author":1,"featured_media":0,"parent":0,"menu_order":0,"comment_status":"closed","ping_status":"closed","template":"","meta":[],"_links":{"self":[{"href":"https:\/\/jacekwasilewski.pl\/index.php\/wp-json\/wp\/v2\/pages\/273"}],"collection":[{"href":"https:\/\/jacekwasilewski.pl\/index.php\/wp-json\/wp\/v2\/pages"}],"about":[{"href":"https:\/\/jacekwasilewski.pl\/index.php\/wp-json\/wp\/v2\/types\/page"}],"author":[{"embeddable":true,"href":"https:\/\/jacekwasilewski.pl\/index.php\/wp-json\/wp\/v2\/users\/1"}],"replies":[{"embeddable":true,"href":"https:\/\/jacekwasilewski.pl\/index.php\/wp-json\/wp\/v2\/comments?post=273"}],"version-history":[{"count":1,"href":"https:\/\/jacekwasilewski.pl\/index.php\/wp-json\/wp\/v2\/pages\/273\/revisions"}],"predecessor-version":[{"id":274,"href":"https:\/\/jacekwasilewski.pl\/index.php\/wp-json\/wp\/v2\/pages\/273\/revisions\/274"}],"wp:attachment":[{"href":"https:\/\/jacekwasilewski.pl\/index.php\/wp-json\/wp\/v2\/media?parent=273"}],"curies":[{"name":"wp","href":"https:\/\/api.w.org\/{rel}","templated":true}]}}