{"id":46,"date":"2020-04-05T16:22:32","date_gmt":"2020-04-05T16:22:32","guid":{"rendered":"http:\/\/jacekwasilewski.pl\/?page_id=46"},"modified":"2020-04-05T19:09:42","modified_gmt":"2020-04-05T19:09:42","slug":"ksiazki","status":"publish","type":"page","link":"https:\/\/jacekwasilewski.pl\/index.php\/ksiazki\/","title":{"rendered":"Ksi\u0105\u017cki"},"content":{"rendered":"\n<div class=\"wp-container-3 wp-block-group\"><div class=\"wp-block-group__inner-container\">\n<div class=\"wp-container-2 wp-block-group\"><div class=\"wp-block-group__inner-container\">\n<div class=\"wp-container-1 wp-block-group\"><div class=\"wp-block-group__inner-container\">\n<p><strong>Ba\u015bnie wolnego rynku<\/strong><br>Gdy wieczorami czytamy dzieciom bajki, z regu\u0142y nie zdajemy sobie sprawy, \u017ce tu\u017c pod powierzchni\u0105 opowie\u015bci kryj\u0105 si\u0119 kryzysy ekonomiczne, drena\u017ce m\u00f3zg\u00f3w, operacje plastyczne, fetysze kulturowe oraz wyzysk w kolonialnej Afryce.<br>Ksi\u0105\u017cka zawiera analiz\u0119 dzisiejszych zjawisk spo\u0142ecznych przez pryzmat znanych ba\u015bni i bajek. To wyj\u0105tkowe podej\u015bcie z jednej strony obna\u017ca liczne utajone absurdy wsp\u00f3\u0142czesno\u015bci, a z drugiej pokazuje prawdziw\u0105 ponadczasowo\u015b\u0107 klasycznych opowie\u015bci. <br>Kto i dlaczego staje si\u0119 wilkiem w bajce o trzech \u015bwinkach? Czy na zmywaku w Londynie pracuj\u0105 potomkowie niegdysiejszych rewolucjonist\u00f3w? Czy nie\u015bwiadomie wskazujemy marketingowym wilkom drog\u0119 do domku w\u0142asnej babci? Kto rzeszom wsp\u00f3\u0142czesnych Kopciuszk\u00f3w jawi si\u0119 jako dobra wr\u00f3\u017cka? I dlaczego \u015awi\u0119ty Miko\u0142aj, skoro pono\u0107 \u017cy\u0142 w ciep\u0142ej Turcji, przybywa z bieguna p\u00f3\u0142nocnego?<\/p>\n<\/div><\/div>\n<\/div><\/div>\n\n\n\n<figure class=\"wp-block-image size-large\"><img loading=\"lazy\" width=\"500\" height=\"717\" src=\"http:\/\/jacekwasilewski.pl\/wp-content\/uploads\/2020\/04\/basnie-wolnego-rynku-1.jpg\" alt=\"\" class=\"wp-image-106\" srcset=\"https:\/\/jacekwasilewski.pl\/wp-content\/uploads\/2020\/04\/basnie-wolnego-rynku-1.jpg 500w, https:\/\/jacekwasilewski.pl\/wp-content\/uploads\/2020\/04\/basnie-wolnego-rynku-1-209x300.jpg 209w, https:\/\/jacekwasilewski.pl\/wp-content\/uploads\/2020\/04\/basnie-wolnego-rynku-1-400x574.jpg 400w\" sizes=\"(max-width: 500px) 100vw, 500px\" \/><\/figure>\n\n\n\n<p class=\"has-drop-cap\"><strong>Kr\u00f3tki Kurs Samoobrony Intelektualnej<\/strong><br>Jacek Wasilewski, Jakub Kloc-Konko\u0142owicz, grafiki Marcin W\u0142adyka<br>&#8222;Kiedy pewnego zimowego wieczora zasiad\u0142em w moim bujanym fotelu z t\u0105 ksi\u0105\u017ck\u0105, mia\u0142em na twarzy wypieki. R\u0119ce dr\u017ca\u0142y mi z niecierpliwo\u015bci, aby jak najszybciej nasyci\u0107 umys\u0142 tymi my\u015blami. Dorsalis, Umlaut i Fin ! &#8211; my\u015bla\u0142em. Czy trzeba czego\u015b wi\u0119cej? (&#8230;) Nie zawiod\u0142em si\u0119. Dla tych, kt\u00f3rzy nie znaj\u0105 tej publikacji, w prawdziwych salonach nie ma dzi\u015b miejsca.&#8221; <strong>New Yorker Rebridge<\/strong> <\/p>\n<\/div><\/div>\n\n\n\n<figure class=\"wp-block-image size-large\"><img loading=\"lazy\" width=\"672\" height=\"512\" src=\"http:\/\/jacekwasilewski.pl\/wp-content\/uploads\/2020\/04\/krotki-kurs.jpg\" alt=\"\" class=\"wp-image-101\" srcset=\"https:\/\/jacekwasilewski.pl\/wp-content\/uploads\/2020\/04\/krotki-kurs.jpg 672w, https:\/\/jacekwasilewski.pl\/wp-content\/uploads\/2020\/04\/krotki-kurs-300x229.jpg 300w, https:\/\/jacekwasilewski.pl\/wp-content\/uploads\/2020\/04\/krotki-kurs-400x305.jpg 400w\" sizes=\"(max-width: 672px) 100vw, 672px\" \/><\/figure>\n\n\n\n<div class=\"wp-container-4 wp-block-group has-black-color has-text-color\"><div class=\"wp-block-group__inner-container\">\n<p class=\"has-drop-cap\"><strong>Rozmowy przy stole<\/strong><br>Jerzy Bralczyk, Jacek Wasilewski, Katarzyna Lengren <br>ilustracje Lech Majewski<br>Wiele jest ksi\u0105\u017cek o gotowaniu, ale jak ju\u017c podano do sto\u0142u, to co dalej? Dalej powinna si\u0119 toczy\u0107 rozmowa. Rozmowy zaczynamy od \u015bniadania, i to w r\u00f3\u017cnych klasach, bo w ch\u0142opskim, robotniczym i mieszcza\u0144skim wydaniu, potem przechodzimy do drugiego \u015bniadania g\u0142adko, \u017ceby powoli dotoczy\u0107 si\u0119 do obiadu, prze\u015blizgujemy si\u0119 przez deser by wskoczy\u0107 od razu na podwieczorek, zostajemy przy kolacji, a jak si\u0119 dobrze rozm\u00f3wimy, to i podkurek zaliczymy. O roli sto\u0142u i sekretach kuchni, oraz jak si\u0119 przy stole rozmawia\u0142o. zwyczaje staropolskie oraz jak to przy stole towarzystwo zazwyczaj rozmawia\u0142o.<\/p>\n<\/div><\/div>\n\n\n\n<figure class=\"wp-block-image size-large\"><img loading=\"lazy\" width=\"450\" height=\"600\" src=\"http:\/\/jacekwasilewski.pl\/wp-content\/uploads\/2020\/04\/rozmowy-przy-stole.jpg\" alt=\"\" class=\"wp-image-103\" srcset=\"https:\/\/jacekwasilewski.pl\/wp-content\/uploads\/2020\/04\/rozmowy-przy-stole.jpg 450w, https:\/\/jacekwasilewski.pl\/wp-content\/uploads\/2020\/04\/rozmowy-przy-stole-225x300.jpg 225w, https:\/\/jacekwasilewski.pl\/wp-content\/uploads\/2020\/04\/rozmowy-przy-stole-400x533.jpg 400w\" sizes=\"(max-width: 450px) 100vw, 450px\" \/><\/figure>\n\n\n\n<p><strong>St\u00f3\u0142 z powy\u0142amywanymi nogami, czyli<\/strong> <strong>Bralczyk, Humor, Polszczyzna<\/strong><br>Zbi\u00f3r anegdot z \u017cycia Jerzego Bralczyka, kt\u00f3re zebrali jego przyjaciele Jacek Wasilewski i przyjaciele na czterdziestolecie jego pracy naukowej. <\/p>\n\n\n\n<figure class=\"wp-block-image size-large\"><img loading=\"lazy\" width=\"800\" height=\"654\" src=\"http:\/\/jacekwasilewski.pl\/wp-content\/uploads\/2020\/04\/bralczykl-humor-polszczyzna.jpg\" alt=\"\" class=\"wp-image-104\" srcset=\"https:\/\/jacekwasilewski.pl\/wp-content\/uploads\/2020\/04\/bralczykl-humor-polszczyzna.jpg 800w, https:\/\/jacekwasilewski.pl\/wp-content\/uploads\/2020\/04\/bralczykl-humor-polszczyzna-300x245.jpg 300w, https:\/\/jacekwasilewski.pl\/wp-content\/uploads\/2020\/04\/bralczykl-humor-polszczyzna-768x628.jpg 768w, https:\/\/jacekwasilewski.pl\/wp-content\/uploads\/2020\/04\/bralczykl-humor-polszczyzna-400x327.jpg 400w\" sizes=\"(max-width: 800px) 100vw, 800px\" \/><\/figure>\n\n\n\n<h2>Inne ksi\u0105\u017cki  <\/h2>\n\n\n\n<figure class=\"wp-block-image size-large\"><img loading=\"lazy\" width=\"500\" height=\"500\" src=\"http:\/\/jacekwasilewski.pl\/wp-content\/uploads\/2020\/04\/opowiesci-o-POlsce.jpg\" alt=\"\" class=\"wp-image-112\" srcset=\"https:\/\/jacekwasilewski.pl\/wp-content\/uploads\/2020\/04\/opowiesci-o-POlsce.jpg 500w, https:\/\/jacekwasilewski.pl\/wp-content\/uploads\/2020\/04\/opowiesci-o-POlsce-300x300.jpg 300w, https:\/\/jacekwasilewski.pl\/wp-content\/uploads\/2020\/04\/opowiesci-o-POlsce-150x150.jpg 150w, https:\/\/jacekwasilewski.pl\/wp-content\/uploads\/2020\/04\/opowiesci-o-POlsce-400x400.jpg 400w\" sizes=\"(max-width: 500px) 100vw, 500px\" \/><\/figure>\n\n\n\n<div class=\"wp-container-6 wp-block-group\"><div class=\"wp-block-group__inner-container\">\n<div class=\"wp-container-5 wp-block-group\"><div class=\"wp-block-group__inner-container\">\n<figure class=\"wp-block-gallery columns-3 is-cropped\"><ul class=\"blocks-gallery-grid\"><li class=\"blocks-gallery-item\"><figure><img loading=\"lazy\" width=\"709\" height=\"1024\" src=\"http:\/\/jacekwasilewski.pl\/wp-content\/uploads\/2020\/04\/instrukcja-obslugi-tekstu-okladka-b9e780753868917ac324bb6261ea13ae-709x1024.jpg\" alt=\"\" data-id=\"108\" data-full-url=\"http:\/\/jacekwasilewski.pl\/wp-content\/uploads\/2020\/04\/instrukcja-obslugi-tekstu-okladka-b9e780753868917ac324bb6261ea13ae.jpg\" data-link=\"http:\/\/jacekwasilewski.pl\/index.php\/ksiazki\/instrukcja-obslugi-tekstu-okladka-b9e780753868917ac324bb6261ea13ae\/\" class=\"wp-image-108\" srcset=\"https:\/\/jacekwasilewski.pl\/wp-content\/uploads\/2020\/04\/instrukcja-obslugi-tekstu-okladka-b9e780753868917ac324bb6261ea13ae-709x1024.jpg 709w, https:\/\/jacekwasilewski.pl\/wp-content\/uploads\/2020\/04\/instrukcja-obslugi-tekstu-okladka-b9e780753868917ac324bb6261ea13ae-208x300.jpg 208w, https:\/\/jacekwasilewski.pl\/wp-content\/uploads\/2020\/04\/instrukcja-obslugi-tekstu-okladka-b9e780753868917ac324bb6261ea13ae-768x1110.jpg 768w, https:\/\/jacekwasilewski.pl\/wp-content\/uploads\/2020\/04\/instrukcja-obslugi-tekstu-okladka-b9e780753868917ac324bb6261ea13ae-400x578.jpg 400w, https:\/\/jacekwasilewski.pl\/wp-content\/uploads\/2020\/04\/instrukcja-obslugi-tekstu-okladka-b9e780753868917ac324bb6261ea13ae-800x1156.jpg 800w, https:\/\/jacekwasilewski.pl\/wp-content\/uploads\/2020\/04\/instrukcja-obslugi-tekstu-okladka-b9e780753868917ac324bb6261ea13ae.jpg 850w\" sizes=\"(max-width: 709px) 100vw, 709px\" \/><\/figure><\/li><li class=\"blocks-gallery-item\"><figure><img loading=\"lazy\" width=\"750\" height=\"430\" src=\"http:\/\/jacekwasilewski.pl\/wp-content\/uploads\/2020\/04\/storytelling.jpg\" alt=\"\" data-id=\"109\" data-full-url=\"http:\/\/jacekwasilewski.pl\/wp-content\/uploads\/2020\/04\/storytelling.jpg\" data-link=\"http:\/\/jacekwasilewski.pl\/index.php\/ksiazki\/storytelling\/\" class=\"wp-image-109\" srcset=\"https:\/\/jacekwasilewski.pl\/wp-content\/uploads\/2020\/04\/storytelling.jpg 750w, https:\/\/jacekwasilewski.pl\/wp-content\/uploads\/2020\/04\/storytelling-300x172.jpg 300w, https:\/\/jacekwasilewski.pl\/wp-content\/uploads\/2020\/04\/storytelling-400x229.jpg 400w\" sizes=\"(max-width: 750px) 100vw, 750px\" \/><\/figure><\/li><li class=\"blocks-gallery-item\"><figure><img loading=\"lazy\" width=\"352\" height=\"500\" src=\"http:\/\/jacekwasilewski.pl\/wp-content\/uploads\/2020\/04\/retoryka-dominacji.jpg\" alt=\"\" data-id=\"110\" data-full-url=\"http:\/\/jacekwasilewski.pl\/wp-content\/uploads\/2020\/04\/retoryka-dominacji.jpg\" data-link=\"http:\/\/jacekwasilewski.pl\/index.php\/ksiazki\/retoryka-dominacji\/\" class=\"wp-image-110\" srcset=\"https:\/\/jacekwasilewski.pl\/wp-content\/uploads\/2020\/04\/retoryka-dominacji.jpg 352w, https:\/\/jacekwasilewski.pl\/wp-content\/uploads\/2020\/04\/retoryka-dominacji-211x300.jpg 211w\" sizes=\"(max-width: 352px) 100vw, 352px\" \/><\/figure><\/li><li class=\"blocks-gallery-item\"><figure><img loading=\"lazy\" width=\"341\" height=\"499\" src=\"http:\/\/jacekwasilewski.pl\/wp-content\/uploads\/2020\/04\/prowadzeni-s\u0142owami.jpg\" alt=\"\" data-id=\"111\" data-full-url=\"http:\/\/jacekwasilewski.pl\/wp-content\/uploads\/2020\/04\/prowadzeni-s\u0142owami.jpg\" data-link=\"http:\/\/jacekwasilewski.pl\/index.php\/ksiazki\/prowadzeni-slowami\/\" class=\"wp-image-111\" srcset=\"https:\/\/jacekwasilewski.pl\/wp-content\/uploads\/2020\/04\/prowadzeni-s\u0142owami.jpg 341w, https:\/\/jacekwasilewski.pl\/wp-content\/uploads\/2020\/04\/prowadzeni-s\u0142owami-205x300.jpg 205w\" sizes=\"(max-width: 341px) 100vw, 341px\" \/><\/figure><\/li><\/ul><\/figure>\n<\/div><\/div>\n<\/div><\/div>\n","protected":false},"excerpt":{"rendered":"<p>Ba\u015bnie wolnego rynkuGdy wieczorami czytamy dzieciom bajki, z regu\u0142y nie zdajemy sobie sprawy, \u017ce tu\u017c pod powierzchni\u0105 opowie\u015bci kryj\u0105 si\u0119 kryzysy ekonomiczne, drena\u017ce m\u00f3zg\u00f3w, operacje plastyczne, fetysze kulturowe oraz wyzysk w kolonialnej Afryce.Ksi\u0105\u017cka zawiera analiz\u0119 dzisiejszych zjawisk spo\u0142ecznych przez pryzmat znanych ba\u015bni i bajek. To wyj\u0105tkowe podej\u015bcie z jednej strony obna\u017ca liczne utajone absurdy wsp\u00f3\u0142czesno\u015bci, [&hellip;]<\/p>\n","protected":false},"author":1,"featured_media":0,"parent":0,"menu_order":0,"comment_status":"closed","ping_status":"closed","template":"","meta":[],"_links":{"self":[{"href":"https:\/\/jacekwasilewski.pl\/index.php\/wp-json\/wp\/v2\/pages\/46"}],"collection":[{"href":"https:\/\/jacekwasilewski.pl\/index.php\/wp-json\/wp\/v2\/pages"}],"about":[{"href":"https:\/\/jacekwasilewski.pl\/index.php\/wp-json\/wp\/v2\/types\/page"}],"author":[{"embeddable":true,"href":"https:\/\/jacekwasilewski.pl\/index.php\/wp-json\/wp\/v2\/users\/1"}],"replies":[{"embeddable":true,"href":"https:\/\/jacekwasilewski.pl\/index.php\/wp-json\/wp\/v2\/comments?post=46"}],"version-history":[{"count":5,"href":"https:\/\/jacekwasilewski.pl\/index.php\/wp-json\/wp\/v2\/pages\/46\/revisions"}],"predecessor-version":[{"id":134,"href":"https:\/\/jacekwasilewski.pl\/index.php\/wp-json\/wp\/v2\/pages\/46\/revisions\/134"}],"wp:attachment":[{"href":"https:\/\/jacekwasilewski.pl\/index.php\/wp-json\/wp\/v2\/media?parent=46"}],"curies":[{"name":"wp","href":"https:\/\/api.w.org\/{rel}","templated":true}]}}