{"id":47,"date":"2020-04-05T16:22:32","date_gmt":"2020-04-05T16:22:32","guid":{"rendered":"http:\/\/jacekwasilewski.pl\/?page_id=47"},"modified":"2020-04-13T18:06:33","modified_gmt":"2020-04-13T18:06:33","slug":"akcje-edukacyjne","status":"publish","type":"page","link":"https:\/\/jacekwasilewski.pl\/index.php\/akcje-edukacyjne\/","title":{"rendered":"Akcje edukacyjne"},"content":{"rendered":"\n<p>Tu b\u0119d\u0105 dla przyk\u0142adu 4 akcje.<br>1. Akcja dla PISF inspiruj\u0105ca m\u0142odych bloger\u00f3w filmowych. <br>2. Akcja dla m\u0142odych adept\u00f3w sztuki debaty i przem\u00f3wie\u0144 dla projektu realizowanego przez Teatr Ochota<br>3. Akcja dla GDDKiA dotycz\u0105ca przyczyn wypadk\u00f3w samochodowych w niej nagrywa\u0142em w wi\u0119zieniach wywiady u\u017cyte w filmach.<br>4. Akcja Wznowienie Procesu Wilka dla Stowarzyszenia Iustitia w S\u0105dzie Najwy\u017cszym. <a href=\"https:\/\/oko.press\/sensacyjny-wyrok-sadu-wilk-z-lasu-uniewinniony\/\">https:\/\/oko.press\/sensacyjny-wyrok-sadu-wilk-z-lasu-uniewinniony\/<\/a><br><\/p>\n\n\n\n<p><strong>Akcja Skrytykuj.pl<\/strong> . Znani aktorzy opowiadaj\u0105 o swoich ulubionych filach i je interpretuj\u0105. Opieka koncepcyjna nad seri\u0105.<br>Wszystkie odcinki na <a href=\"https:\/\/www.skrytykuj.pl\/zza-kulis#vlog24\">https:\/\/www.skrytykuj.pl\/zza-kulis#vlog24<\/a>   <\/p>\n\n\n\n<figure class=\"wp-block-embed-youtube wp-block-embed is-type-video is-provider-youtube wp-embed-aspect-16-9 wp-has-aspect-ratio\"><div class=\"wp-block-embed__wrapper\">\n<iframe loading=\"lazy\" title=\"Jacek Wasilewski - Skrytykuj.pl - Essential Killing, Kana\u0142, Niebieski, Kika\" width=\"560\" height=\"315\" src=\"https:\/\/www.youtube.com\/embed\/6UvbRdETJy0?feature=oembed\" frameborder=\"0\" allow=\"accelerometer; autoplay; encrypted-media; gyroscope; picture-in-picture\" allowfullscreen><\/iframe>\n<\/div><\/figure>\n\n\n\n<figure class=\"wp-block-embed-youtube wp-block-embed is-type-video is-provider-youtube wp-embed-aspect-16-9 wp-has-aspect-ratio\"><div class=\"wp-block-embed__wrapper\">\n<iframe loading=\"lazy\" title=\"Arek Jakubik - Skrytykuj.pl - Dogville\" width=\"560\" height=\"315\" src=\"https:\/\/www.youtube.com\/embed\/15EGyCr3RUc?feature=oembed\" frameborder=\"0\" allow=\"accelerometer; autoplay; encrypted-media; gyroscope; picture-in-picture\" allowfullscreen><\/iframe>\n<\/div><\/figure>\n\n\n\n<figure class=\"wp-block-embed-youtube wp-block-embed is-type-video is-provider-youtube wp-embed-aspect-16-9 wp-has-aspect-ratio\"><div class=\"wp-block-embed__wrapper\">\n<iframe loading=\"lazy\" title=\"Eryk Lubos - Skrytykuj.pl - \u0141adunek 200\" width=\"560\" height=\"315\" src=\"https:\/\/www.youtube.com\/embed\/mVPxWB9U4mU?feature=oembed\" frameborder=\"0\" allow=\"accelerometer; autoplay; encrypted-media; gyroscope; picture-in-picture\" allowfullscreen><\/iframe>\n<\/div><\/figure>\n\n\n\n<p>Tu pierwszy z serii poradnika Sztuki m\u00f3wienia. <br>Ca\u0142o\u015b\u0107 pod linkami <br>odc. 2 <a href=\"https:\/\/www.youtube.com\/watch?v=ilLaOleb5Zo\">https:\/\/www.youtube.com\/watch?v=ilLaOleb5Zo<\/a><br>odc. 3 <a href=\"https:\/\/www.youtube.com\/watch?v=om9tncwHmzU\">https:\/\/www.youtube.com\/watch?v=om9tncwHmzU<\/a><br>odc. 4 <a href=\"https:\/\/www.youtube.com\/watch?v=EkO_5n6wQrk\">https:\/\/www.youtube.com\/watch?v=EkO_5n6wQrk<\/a><br>odc 5. <a href=\"https:\/\/www.youtube.com\/watch?v=_RQGpFCwMGs\">https:\/\/www.youtube.com\/watch?v=_RQGpFCwMGs<\/a><br>odc. 6. <a href=\"https:\/\/www.youtube.com\/watch?v=xja9Hm9TpPE\">https:\/\/www.youtube.com\/watch?v=xja9Hm9TpPE<\/a><\/p>\n\n\n\n<figure class=\"wp-block-embed-youtube wp-block-embed is-type-video is-provider-youtube wp-embed-aspect-16-9 wp-has-aspect-ratio\"><div class=\"wp-block-embed__wrapper\">\n<iframe loading=\"lazy\" title=\"Sztuka m\u00f3wienia #1 Jak dobrze wycelowa\u0107, czyli o celu i adresacie naszego wyst\u0105pienia\" width=\"560\" height=\"315\" src=\"https:\/\/www.youtube.com\/embed\/IVrKSP32lnw?start=8&#038;feature=oembed\" frameborder=\"0\" allow=\"accelerometer; autoplay; encrypted-media; gyroscope; picture-in-picture\" allowfullscreen><\/iframe>\n<\/div><\/figure>\n\n\n\n<p>Poni\u017cej spoty z kampanii spo\u0142ecznej Drogi Zaufania. Produkowa\u0142 Marcin Ho\u0142ota, Sparing Communications. Og\u00f3\u0142em powsta\u0142o 6 spot\u00f3w.<\/p>\n\n\n\n<figure class=\"wp-block-embed-youtube wp-block-embed is-type-video is-provider-youtube wp-embed-aspect-16-9 wp-has-aspect-ratio\"><div class=\"wp-block-embed__wrapper\">\n<iframe loading=\"lazy\" title=\"PROVIZORCA: Reklama Spo\u0142eczna \/ DROGI ZAUFANIA: Historia 2: Andrzej, 24\" width=\"560\" height=\"315\" src=\"https:\/\/www.youtube.com\/embed\/7C1gfNuYYRc?feature=oembed\" frameborder=\"0\" allow=\"accelerometer; autoplay; encrypted-media; gyroscope; picture-in-picture\" allowfullscreen><\/iframe>\n<\/div><\/figure>\n\n\n\n<figure class=\"wp-block-embed-youtube wp-block-embed is-type-video is-provider-youtube wp-embed-aspect-16-9 wp-has-aspect-ratio\"><div class=\"wp-block-embed__wrapper\">\n<iframe loading=\"lazy\" title=\"Spot Drogi Zaufania - podsumowanie\" width=\"560\" height=\"315\" src=\"https:\/\/www.youtube.com\/embed\/w0ntYDVwsEk?feature=oembed\" frameborder=\"0\" allow=\"accelerometer; autoplay; encrypted-media; gyroscope; picture-in-picture\" allowfullscreen><\/iframe>\n<\/div><\/figure>\n","protected":false},"excerpt":{"rendered":"<p>Tu b\u0119d\u0105 dla przyk\u0142adu 4 akcje.1. Akcja dla PISF inspiruj\u0105ca m\u0142odych bloger\u00f3w filmowych. 2. Akcja dla m\u0142odych adept\u00f3w sztuki debaty i przem\u00f3wie\u0144 dla projektu realizowanego przez Teatr Ochota3. Akcja dla GDDKiA dotycz\u0105ca przyczyn wypadk\u00f3w samochodowych w niej nagrywa\u0142em w wi\u0119zieniach wywiady u\u017cyte w filmach.4. Akcja Wznowienie Procesu Wilka dla Stowarzyszenia Iustitia w S\u0105dzie Najwy\u017cszym. https:\/\/oko.press\/sensacyjny-wyrok-sadu-wilk-z-lasu-uniewinniony\/ [&hellip;]<\/p>\n","protected":false},"author":1,"featured_media":0,"parent":0,"menu_order":0,"comment_status":"closed","ping_status":"closed","template":"","meta":[],"_links":{"self":[{"href":"https:\/\/jacekwasilewski.pl\/index.php\/wp-json\/wp\/v2\/pages\/47"}],"collection":[{"href":"https:\/\/jacekwasilewski.pl\/index.php\/wp-json\/wp\/v2\/pages"}],"about":[{"href":"https:\/\/jacekwasilewski.pl\/index.php\/wp-json\/wp\/v2\/types\/page"}],"author":[{"embeddable":true,"href":"https:\/\/jacekwasilewski.pl\/index.php\/wp-json\/wp\/v2\/users\/1"}],"replies":[{"embeddable":true,"href":"https:\/\/jacekwasilewski.pl\/index.php\/wp-json\/wp\/v2\/comments?post=47"}],"version-history":[{"count":4,"href":"https:\/\/jacekwasilewski.pl\/index.php\/wp-json\/wp\/v2\/pages\/47\/revisions"}],"predecessor-version":[{"id":147,"href":"https:\/\/jacekwasilewski.pl\/index.php\/wp-json\/wp\/v2\/pages\/47\/revisions\/147"}],"wp:attachment":[{"href":"https:\/\/jacekwasilewski.pl\/index.php\/wp-json\/wp\/v2\/media?parent=47"}],"curies":[{"name":"wp","href":"https:\/\/api.w.org\/{rel}","templated":true}]}}